{"id":41,"date":"2024-08-26T16:11:40","date_gmt":"2024-08-26T16:11:40","guid":{"rendered":"https:\/\/innovatepromark.com\/?page_id=41"},"modified":"2024-08-27T09:43:42","modified_gmt":"2024-08-27T09:43:42","slug":"cookie-policy","status":"publish","type":"page","link":"https:\/\/innovatepromark.com\/de\/cookie-policy\/","title":{"rendered":"Cookie-Richtlinie"},"content":{"rendered":"<h2 class=\"wp-block-heading\">\u00dcbersicht \u00fcber die Cookie-Nutzung<\/h2>\n\n\n\n<p>Willkommen bei Promark Solutions Sp. z. O. O. Unsere Cookie-Richtlinie erkl\u00e4rt, wie Cookies und \u00e4hnliche Technologien auf unserer Website verwendet werden (<a href=\"https:\/\/innovatepromark.com\/de\/\">https:\/\/innovatepromark.com<\/a>), um Ihr Surferlebnis zu verbessern. Durch die weitere Nutzung unserer Website erkl\u00e4ren Sie sich mit der Verwendung von Cookies wie hier beschrieben einverstanden. Wenn Sie mit der Verwendung von Cookies nicht einverstanden sind, k\u00f6nnen Sie Ihre Browsereinstellungen entsprechend anpassen oder die Website von Innovate Pro Mark nicht mehr nutzen.<\/p>\n\n\n\n<h2 class=\"wp-block-heading\">Erl\u00e4uterung von Cookies<\/h2>\n\n\n\n<p>Cookies sind kleine Textdateien, die Websites auf Ihrem Ger\u00e4t (z. B. einem Computer, Smartphone oder Tablet) speichern, wenn Sie sie besuchen. Sie dienen verschiedenen Zwecken, unter anderem der Erkennung Ihres Ger\u00e4ts, der Speicherung von Pr\u00e4ferenzen und der Verbesserung der Benutzerfreundlichkeit.<\/p>\n\n\n\n<h2 class=\"wp-block-heading\">Verschiedene Arten von Keksen<\/h2>\n\n\n\n<h3 class=\"wp-block-heading\">Unverzichtbare Cookies<\/h3>\n\n\n\n<p>Wesentliche Cookies sind f\u00fcr das ordnungsgem\u00e4\u00dfe Funktionieren unserer Website unerl\u00e4sslich. Sie erm\u00f6glichen grundlegende Funktionen wie die Seitennavigation und den Zugang zu sicheren Bereichen. Bestimmte von Ihnen angeforderte Dienste, wie der Zugang zu gesch\u00fctzten Bereichen, k\u00f6nnen ohne diese Cookies nicht bereitgestellt werden.<\/p>\n\n\n\n<h3 class=\"wp-block-heading\">Funktionale Cookies<\/h3>\n\n\n\n<p>Funktionale Cookies erm\u00f6glichen es unserer Website, sich an Ihre Auswahl zu erinnern und verbesserte, personalisierte Funktionen anzubieten. Sie k\u00f6nnen die Textgr\u00f6\u00dfe, die Schriftart und andere Elemente an Ihre Pr\u00e4ferenzen anpassen und so Ihr Surferlebnis insgesamt verbessern.<\/p>\n\n\n\n<h3 class=\"wp-block-heading\">Analyse-Cookies<\/h3>\n\n\n\n<p>Analytics-Cookies helfen uns zu verstehen, wie Besucher mit unserer Website interagieren, indem sie Informationen anonym sammeln und melden. Diese Daten erm\u00f6glichen es uns, Trends zu erkennen, die Leistung der Website zu optimieren und die Benutzerfreundlichkeit zu verbessern.<\/p>\n\n\n\n<h3 class=\"wp-block-heading\">Werbung Cookies<\/h3>\n\n\n\n<p>Werbe-Cookies liefern Werbung, die auf Ihre Interessen und Vorlieben zugeschnitten ist. Sie helfen auch dabei, die H\u00e4ufigkeit der Ihnen angezeigten Werbung zu begrenzen und die Wirksamkeit von Werbekampagnen zu messen. Werbenetzwerke platzieren diese Cookies in der Regel mit der Zustimmung des Website-Betreibers.<\/p>\n\n\n\n<h3 class=\"wp-block-heading\">Cookies f\u00fcr soziale Medien<\/h3>\n\n\n\n<p>Social-Media-Cookies werden von Social-Media-Diensten gesetzt, die in unsere Website integriert sind und es Ihnen erm\u00f6glichen, unsere Inhalte mit Ihren Netzwerken zu teilen. Diese Cookies k\u00f6nnen Ihre Browseraktivit\u00e4ten auf anderen Websites nachverfolgen, um ein Profil Ihrer Interessen zu erstellen und die Inhalte, die Sie sehen, zu personalisieren.<\/p>\n\n\n\n<h3 class=\"wp-block-heading\">Sitzungs-Cookies<\/h3>\n\n\n\n<p>Sitzungscookies sind tempor\u00e4r und k\u00f6nnen nach dem Surfen von Ihrem Ger\u00e4t gel\u00f6scht werden. Sie sind unerl\u00e4sslich, damit unsere Website effizient funktioniert und die Sicherheit w\u00e4hrend Ihres Besuchs gew\u00e4hrleistet ist.<\/p>\n\n\n\n<h3 class=\"wp-block-heading\">Dauerhafte Cookies<\/h3>\n\n\n\n<p>Dauerhafte Cookies verbleiben f\u00fcr eine bestimmte Dauer auf Ihrem Ger\u00e4t und werden jedes Mal wieder aktiviert, wenn Sie die Website besuchen, von der sie stammen. Sie dienen verschiedenen Zwecken, z. B. der Erinnerung an Ihre Anmeldedaten oder Pr\u00e4ferenzen.<\/p>\n\n\n\n<p>Bitte beachten Sie, dass das Blockieren bestimmter Cookies Ihre Erfahrung auf unserer Website beeintr\u00e4chtigen kann. Sie k\u00f6nnen Ihre Cookie-Pr\u00e4ferenzen \u00fcber Ihre Browser-Einstellungen verwalten.<\/p>\n\n\n\n<h2 class=\"wp-block-heading\">Do Not Track (DNT)-Signale<\/h2>\n\n\n\n<p>\"Do Not Track\" ist eine Browserfunktion, die es den Nutzern erm\u00f6glicht, das Tracking von Websites, einschlie\u00dflich Analysen und Werbung, zu unterbinden. DNT ist eine Nutzerpr\u00e4ferenz, deren Wirksamkeit von den Reaktionen der Website abh\u00e4ngt.<\/p>\n\n\n\n<h2 class=\"wp-block-heading\">Unser Ansatz bei DNT-Signalen<\/h2>\n\n\n\n<p>Innovate Pro Mark respektiert DNT-Signale und schr\u00e4nkt die Datenerfassung entsprechend ein. Wenn wir ein DNT-Signal von Ihrem Browser erkennen, passen wir unsere Datenerfassungspraktiken wie in unserer Datenschutzrichtlinie beschrieben an. Bitte beachten Sie jedoch, dass die Aktivierung von DNT die Funktionalit\u00e4t und Personalisierung einiger Teile unserer Website beeintr\u00e4chtigen kann.<\/p>\n\n\n\n<p>Es ist wichtig, die Richtlinien der einzelnen Websites und Dienste hinsichtlich ihrer Reaktion auf DNT-Signale zu \u00fcberpr\u00fcfen, da Dienste von Drittanbietern unterschiedliche Richtlinien haben k\u00f6nnen.<\/p>\n\n\n\n<h2 class=\"wp-block-heading\">Unsere Verwendung von Cookies<\/h2>\n\n\n\n<p>Innovate Pro Mark verwendet Cookies f\u00fcr verschiedene Zwecke:<\/p>\n\n\n\n<ul class=\"wp-block-list\">\n<li><strong>Unverzichtbare Cookies<\/strong><\/li>\n<\/ul>\n\n\n\n<p>Unverzichtbare Cookies erleichtern das korrekte Funktionieren unserer Website und erm\u00f6glichen grundlegende Funktionen wie die Seitennavigation und die Eingabe von Formularen.<\/p>\n\n\n\n<ul class=\"wp-block-list\">\n<li><strong>Analytische\/Leistungs-Cookies<\/strong><\/li>\n<\/ul>\n\n\n\n<p>Analytische Cookies helfen uns zu verstehen, wie Besucher mit unserer Website interagieren, indem sie Daten \u00fcber besuchte Seiten und Fehlermeldungen sammeln. Diese Informationen erm\u00f6glichen es uns, verbesserungsw\u00fcrdige Bereiche zu identifizieren und die Benutzerfreundlichkeit zu erh\u00f6hen.<\/p>\n\n\n\n<ul class=\"wp-block-list\">\n<li><strong>Funktionalit\u00e4t Cookies<\/strong><\/li>\n<\/ul>\n\n\n\n<p>Funktions-Cookies speichern Ihre Auswahl (z. B. Spracheinstellungen) und bieten erweiterte, personalisierte Funktionen, um Ihr Surferlebnis zu verbessern.<\/p>\n\n\n\n<ul class=\"wp-block-list\">\n<li><strong>Targeting\/Werbung Cookies<\/strong><\/li>\n<\/ul>\n\n\n\n<p>Targeting-Cookies liefern Werbung, die Ihren Interessen entspricht, und messen die Wirksamkeit von Werbekampagnen. Diese Cookies k\u00f6nnen die Anzahl der Anzeigen begrenzen, die Sie sehen, und helfen uns, unsere Marketingma\u00dfnahmen zu optimieren.<\/p>\n\n\n\n<ul class=\"wp-block-list\">\n<li><strong>Cookies von Drittanbietern<\/strong><\/li>\n<\/ul>\n\n\n\n<p>Innovate Pro Mark kann Dienste von Drittanbietern nutzen, wie z. B. Google Analytics und Plattformen f\u00fcr soziale Medien, die Cookies verwenden k\u00f6nnen. Weitere Informationen \u00fcber die Verwendung von Cookies und den Umgang mit Ihren Daten finden Sie in deren Datenschutzrichtlinien.<\/p>\n\n\n\n<h2 class=\"wp-block-heading\">Kontrolle der Cookie-Einstellungen<\/h2>\n\n\n\n<p>Sie k\u00f6nnen die Cookie-Pr\u00e4ferenzen in den Einstellungen Ihres Browsers verwalten. Die meisten Browser erlauben es Ihnen, Cookies zu blockieren oder zu l\u00f6schen, aber dies kann die Funktionalit\u00e4t der Website beeintr\u00e4chtigen. Anweisungen zur Verwaltung von Cookies finden Sie in der Hilfedokumentation Ihres Browsers.<\/p>\n\n\n\n<h2 class=\"wp-block-heading\">\u00c4nderungen an unserer Cookie-Richtlinie<\/h2>\n\n\n\n<p>Diese Cookie-Richtlinie kann in regelm\u00e4\u00dfigen Abst\u00e4nden aktualisiert werden, um \u00c4nderungen bei der Verwendung von Cookies zu ber\u00fccksichtigen. Wir empfehlen, diese Richtlinie regelm\u00e4\u00dfig zu lesen, um \u00fcber unsere Praktiken informiert zu bleiben.<\/p>\n\n\n\n<h2 class=\"wp-block-heading\">Wie man Kontakt aufnimmt<\/h2>\n\n\n\n<p>Wenn Sie Fragen oder Bedenken bez\u00fcglich unserer Cookie-Richtlinie haben, setzen Sie sich bitte mit uns in Verbindung:<\/p>\n\n\n\n<ul class=\"wp-block-list\">\n<li><strong>E-Mail:<\/strong> <a href=\"mailto:info@innovatepromark.com\">info@innovatepromark.com<\/a><\/li>\n\n\n\n<li><strong>Telefon:<\/strong> +48223070670<\/li>\n\n\n\n<li><strong>Website-Kontaktformular:<\/strong> <a href=\"https:\/\/innovatepromark.com\/de\/contact\/\">https:\/\/innovatepromark.com\/contact<\/a><\/li>\n<\/ul>","protected":false},"excerpt":{"rendered":"<p>Overview of Cookie Usage Welcome to Promark Solutions Sp. z. O. O. Our Cookie Policy explains how cookies and similar technologies are used on our website (https:\/\/innovatepromark.com) to enhance your browsing experience. Your continued use of our website signifies your consent to cookies as described herein. If you disagree with our cookie usage, you can [&hellip;]<\/p>","protected":false},"author":1,"featured_media":0,"parent":0,"menu_order":0,"comment_status":"closed","ping_status":"closed","template":"templates-page\/policy.php","meta":{"_acf_changed":false,"footnotes":""},"class_list":["post-41","page","type-page","status-publish","hentry"],"acf":[],"yoast_head":"<!-- This site is optimized with the Yoast SEO plugin v23.1 - https:\/\/yoast.com\/wordpress\/plugins\/seo\/ -->\n<title>Cookie Policy - innovatepromark<\/title>\n<meta name=\"robots\" content=\"noindex, follow, max-snippet:-1, max-image-preview:large, max-video-preview:-1\" \/>\n<meta property=\"og:locale\" content=\"de_DE\" \/>\n<meta property=\"og:type\" content=\"article\" \/>\n<meta property=\"og:title\" content=\"Cookie Policy - innovatepromark\" \/>\n<meta property=\"og:description\" content=\"Overview of Cookie Usage Welcome to Promark Solutions Sp. z. O. O. Our Cookie Policy explains how cookies and similar technologies are used on our website (https:\/\/innovatepromark.com) to enhance your browsing experience. Your continued use of our website signifies your consent to cookies as described herein. If you disagree with our cookie usage, you can [&hellip;]\" \/>\n<meta property=\"og:url\" content=\"https:\/\/innovatepromark.com\/de\/cookie-policy\/\" \/>\n<meta property=\"og:site_name\" content=\"innovatepromark\" \/>\n<meta property=\"article:modified_time\" content=\"2024-08-27T09:43:42+00:00\" \/>\n<meta name=\"twitter:card\" content=\"summary_large_image\" \/>\n<meta name=\"twitter:label1\" content=\"Gesch\u00e4tzte Lesezeit\" \/>\n\t<meta name=\"twitter:data1\" content=\"4\u00a0Minuten\" \/>\n<script type=\"application\/ld+json\" class=\"yoast-schema-graph\">{\"@context\":\"https:\/\/schema.org\",\"@graph\":[{\"@type\":\"WebPage\",\"@id\":\"https:\/\/innovatepromark.com\/cookie-policy\/\",\"url\":\"https:\/\/innovatepromark.com\/cookie-policy\/\",\"name\":\"Cookie Policy - innovatepromark\",\"isPartOf\":{\"@id\":\"https:\/\/innovatepromark.com\/#website\"},\"datePublished\":\"2024-08-26T16:11:40+00:00\",\"dateModified\":\"2024-08-27T09:43:42+00:00\",\"breadcrumb\":{\"@id\":\"https:\/\/innovatepromark.com\/cookie-policy\/#breadcrumb\"},\"inLanguage\":\"de\",\"potentialAction\":[{\"@type\":\"ReadAction\",\"target\":[\"https:\/\/innovatepromark.com\/cookie-policy\/\"]}]},{\"@type\":\"BreadcrumbList\",\"@id\":\"https:\/\/innovatepromark.com\/cookie-policy\/#breadcrumb\",\"itemListElement\":[{\"@type\":\"ListItem\",\"position\":1,\"name\":\"Home\",\"item\":\"https:\/\/innovatepromark.com\/\"},{\"@type\":\"ListItem\",\"position\":2,\"name\":\"Cookie Policy\"}]},{\"@type\":\"WebSite\",\"@id\":\"https:\/\/innovatepromark.com\/#website\",\"url\":\"https:\/\/innovatepromark.com\/\",\"name\":\"innovatepromark\",\"description\":\"\",\"publisher\":{\"@id\":\"https:\/\/innovatepromark.com\/#organization\"},\"potentialAction\":[{\"@type\":\"SearchAction\",\"target\":{\"@type\":\"EntryPoint\",\"urlTemplate\":\"https:\/\/innovatepromark.com\/?s={search_term_string}\"},\"query-input\":\"required name=search_term_string\"}],\"inLanguage\":\"de\"},{\"@type\":\"Organization\",\"@id\":\"https:\/\/innovatepromark.com\/#organization\",\"name\":\"innovatepromark\",\"url\":\"https:\/\/innovatepromark.com\/\",\"logo\":{\"@type\":\"ImageObject\",\"inLanguage\":\"de\",\"@id\":\"https:\/\/innovatepromark.com\/#\/schema\/logo\/image\/\",\"url\":\"https:\/\/innovatepromark.com\/wp-content\/uploads\/2024\/08\/Logo-white.svg\",\"contentUrl\":\"https:\/\/innovatepromark.com\/wp-content\/uploads\/2024\/08\/Logo-white.svg\",\"caption\":\"innovatepromark\"},\"image\":{\"@id\":\"https:\/\/innovatepromark.com\/#\/schema\/logo\/image\/\"}}]}<\/script>\n<!-- \/ Yoast SEO plugin. -->","yoast_head_json":{"title":"Cookie Policy - innovatepromark","robots":{"index":"noindex","follow":"follow","max-snippet":"max-snippet:-1","max-image-preview":"max-image-preview:large","max-video-preview":"max-video-preview:-1"},"og_locale":"de_DE","og_type":"article","og_title":"Cookie Policy - innovatepromark","og_description":"Overview of Cookie Usage Welcome to Promark Solutions Sp. z. O. O. Our Cookie Policy explains how cookies and similar technologies are used on our website (https:\/\/innovatepromark.com) to enhance your browsing experience. Your continued use of our website signifies your consent to cookies as described herein. If you disagree with our cookie usage, you can [&hellip;]","og_url":"https:\/\/innovatepromark.com\/de\/cookie-policy\/","og_site_name":"innovatepromark","article_modified_time":"2024-08-27T09:43:42+00:00","twitter_card":"summary_large_image","twitter_misc":{"Gesch\u00e4tzte Lesezeit":"4\u00a0Minuten"},"schema":{"@context":"https:\/\/schema.org","@graph":[{"@type":"WebPage","@id":"https:\/\/innovatepromark.com\/cookie-policy\/","url":"https:\/\/innovatepromark.com\/cookie-policy\/","name":"Cookie Policy - innovatepromark","isPartOf":{"@id":"https:\/\/innovatepromark.com\/#website"},"datePublished":"2024-08-26T16:11:40+00:00","dateModified":"2024-08-27T09:43:42+00:00","breadcrumb":{"@id":"https:\/\/innovatepromark.com\/cookie-policy\/#breadcrumb"},"inLanguage":"de","potentialAction":[{"@type":"ReadAction","target":["https:\/\/innovatepromark.com\/cookie-policy\/"]}]},{"@type":"BreadcrumbList","@id":"https:\/\/innovatepromark.com\/cookie-policy\/#breadcrumb","itemListElement":[{"@type":"ListItem","position":1,"name":"Home","item":"https:\/\/innovatepromark.com\/"},{"@type":"ListItem","position":2,"name":"Cookie Policy"}]},{"@type":"WebSite","@id":"https:\/\/innovatepromark.com\/#website","url":"https:\/\/innovatepromark.com\/","name":"innovatepromark","description":"","publisher":{"@id":"https:\/\/innovatepromark.com\/#organization"},"potentialAction":[{"@type":"SearchAction","target":{"@type":"EntryPoint","urlTemplate":"https:\/\/innovatepromark.com\/?s={search_term_string}"},"query-input":"required name=search_term_string"}],"inLanguage":"de"},{"@type":"Organization","@id":"https:\/\/innovatepromark.com\/#organization","name":"innovatepromark","url":"https:\/\/innovatepromark.com\/","logo":{"@type":"ImageObject","inLanguage":"de","@id":"https:\/\/innovatepromark.com\/#\/schema\/logo\/image\/","url":"https:\/\/innovatepromark.com\/wp-content\/uploads\/2024\/08\/Logo-white.svg","contentUrl":"https:\/\/innovatepromark.com\/wp-content\/uploads\/2024\/08\/Logo-white.svg","caption":"innovatepromark"},"image":{"@id":"https:\/\/innovatepromark.com\/#\/schema\/logo\/image\/"}}]}},"_links":{"self":[{"href":"https:\/\/innovatepromark.com\/de\/wp-json\/wp\/v2\/pages\/41","targetHints":{"allow":["GET"]}}],"collection":[{"href":"https:\/\/innovatepromark.com\/de\/wp-json\/wp\/v2\/pages"}],"about":[{"href":"https:\/\/innovatepromark.com\/de\/wp-json\/wp\/v2\/types\/page"}],"author":[{"embeddable":true,"href":"https:\/\/innovatepromark.com\/de\/wp-json\/wp\/v2\/users\/1"}],"replies":[{"embeddable":true,"href":"https:\/\/innovatepromark.com\/de\/wp-json\/wp\/v2\/comments?post=41"}],"version-history":[{"count":2,"href":"https:\/\/innovatepromark.com\/de\/wp-json\/wp\/v2\/pages\/41\/revisions"}],"predecessor-version":[{"id":284,"href":"https:\/\/innovatepromark.com\/de\/wp-json\/wp\/v2\/pages\/41\/revisions\/284"}],"wp:attachment":[{"href":"https:\/\/innovatepromark.com\/de\/wp-json\/wp\/v2\/media?parent=41"}],"curies":[{"name":"wp","href":"https:\/\/api.w.org\/{rel}","templated":true}]}}