{"id":39,"date":"2024-08-26T16:11:29","date_gmt":"2024-08-26T16:11:29","guid":{"rendered":"https:\/\/innovatepromark.com\/?page_id=39"},"modified":"2024-08-27T09:51:14","modified_gmt":"2024-08-27T09:51:14","slug":"refund-policy","status":"publish","type":"page","link":"https:\/\/innovatepromark.com\/pl\/refund-policy\/","title":{"rendered":"Polityka zwrot\u00f3w"},"content":{"rendered":"<h2 class=\"wp-block-heading\">Przegl\u0105d polityki<\/h2>\n\n\n\n<p>Dzi\u0119kujemy za wybranie Innovate Pro Mark. Cenimy Tw\u00f3j biznes i staramy si\u0119 zapewni\u0107 najlepsz\u0105 mo\u017cliw\u0105 obs\u0142ug\u0119. Nale\u017cy jednak pami\u0119ta\u0107, \u017ce wszystkie transakcje sprzeda\u017cy us\u0142ug i produkt\u00f3w na naszej stronie internetowej s\u0105 ostateczne i dzia\u0142amy zgodnie ze \u015bcis\u0142\u0105 polityk\u0105 bezzwrotn\u0105. Po dokonaniu zakupu jest on uwa\u017cany za wi\u0105\u017c\u0105cy i nie podlega zwrotowi.<\/p>\n\n\n\n<h2 class=\"wp-block-heading\">Obowi\u0105zki klienta<\/h2>\n\n\n\n<p>Jako klient jeste\u015b odpowiedzialny za dok\u0142adne zapoznanie si\u0119 ze wszystkimi istotnymi szczeg\u00f3\u0142ami i informacjami na temat produkt\u00f3w lub us\u0142ug, kt\u00f3re zamierzasz zakupi\u0107 od Innovate Pro Mark. Zach\u0119camy do pe\u0142nego zrozumienia oferty przed zakupem, poniewa\u017c wszystkie transakcje s\u0105 ostateczne.<\/p>\n\n\n\n<h2 class=\"wp-block-heading\">Rozwa\u017cania dotycz\u0105ce zwrot\u00f3w<\/h2>\n\n\n\n<p>Chocia\u017c nasza og\u00f3lna polityka nie przewiduje zwrot\u00f3w, zdajemy sobie spraw\u0119, \u017ce pewne wyj\u0105tkowe sytuacje mog\u0105 uzasadnia\u0107 weryfikacj\u0119 zwrotu. Mog\u0105 one obejmowa\u0107:<\/p>\n\n\n\n<ul class=\"wp-block-list\">\n<li><strong>Przypadkowe p\u0142atno\u015bci:<\/strong> Sytuacje, w kt\u00f3rych dokonano przypadkowej lub zdublowanej p\u0142atno\u015bci.<\/li>\n\n\n\n<li><strong>Nieprawid\u0142owe op\u0142aty:<\/strong> Przypadki, w kt\u00f3rych u\u017cytkownik zosta\u0142 obci\u0105\u017cony niew\u0142a\u015bciw\u0105 kwot\u0105 z powodu b\u0142\u0119du z naszej strony, czy to technicznego, czy urz\u0119dniczego.<\/li>\n\n\n\n<li><strong>B\u0142\u0119dy p\u0142atno\u015bci:<\/strong> Przypadki, w kt\u00f3rych p\u0142atno\u015b\u0107 zosta\u0142a dokonana przy u\u017cyciu nieprawid\u0142owych danych, co skutkowa\u0142o nieudan\u0105 transakcj\u0105.<\/li>\n\n\n\n<li><strong>Niedostarczenie Us\u0142ug lub Produkt\u00f3w:<\/strong> Je\u015bli zakupiona us\u0142uga lub produkt nie zosta\u0142y dostarczone zgodnie z opisem, a problem jest pod nasz\u0105 kontrol\u0105.<\/li>\n<\/ul>\n\n\n\n<h2 class=\"wp-block-heading\">\u017b\u0105danie zwrotu pieni\u0119dzy<\/h2>\n\n\n\n<p>Je\u015bli Tw\u00f3j przypadek podlega kt\u00f3rymkolwiek z wyj\u0105tkowych okoliczno\u015bci opisanych powy\u017cej, mo\u017cesz poprosi\u0107 o zwrot pieni\u0119dzy, kontaktuj\u0105c si\u0119 z naszym zespo\u0142em obs\u0142ugi klienta pod adresem <a href=\"mailto:info@innovatepromark.com\">info@innovatepromark.com<\/a>. W zg\u0142oszeniu nale\u017cy poda\u0107 nast\u0119puj\u0105ce dane:<\/p>\n\n\n\n<ul class=\"wp-block-list\">\n<li>Imi\u0119 i nazwisko<\/li>\n\n\n\n<li>Adres e-mail u\u017cyty do zakupu<\/li>\n\n\n\n<li>Data transakcji<\/li>\n\n\n\n<li>Identyfikator transakcji lub numer pokwitowania<\/li>\n\n\n\n<li>Szczeg\u00f3\u0142owy opis zagadnienia<\/li>\n<\/ul>\n\n\n\n<h2 class=\"wp-block-heading\">Ocena i reakcja<\/h2>\n\n\n\n<p>Po otrzymaniu wniosku o zwrot koszt\u00f3w nasz zesp\u00f3\u0142 dok\u0142adnie oceni podane szczeg\u00f3\u0142y. Staramy si\u0119 odpowiada\u0107 na wszystkie wnioski o zwrot pieni\u0119dzy w ci\u0105gu siedmiu dni roboczych. Nasza decyzja b\u0119dzie oparta na dok\u0142adnej ocenie okoliczno\u015bci i zgodna z naszymi zasadami.<\/p>\n\n\n\n<h2 class=\"wp-block-heading\">Kontakt<\/h2>\n\n\n\n<p>Je\u015bli masz jakiekolwiek pytania lub potrzebujesz dalszych wyja\u015bnie\u0144 dotycz\u0105cych naszej Polityki zwrot\u00f3w, skontaktuj si\u0119 z nami:<\/p>\n\n\n\n<ul class=\"wp-block-list\">\n<li><strong>E-mail:<\/strong> <a href=\"mailto:info@innovatepromark.com\">info@innovatepromark.com<\/a><\/li>\n\n\n\n<li><strong>Telefon:<\/strong> +48223070670<\/li>\n\n\n\n<li><strong>Formularz kontaktowy na stronie internetowej:<\/strong> <a href=\"https:\/\/innovatepromark.com\/pl\/contact\/\">https:\/\/innovatepromark.com\/contact<\/a><\/li>\n<\/ul>\n\n\n\n<p>Nale\u017cy pami\u0119ta\u0107, \u017ce niniejsza Polityka zwrot\u00f3w mo\u017ce by\u0107 od czasu do czasu aktualizowana bez wcze\u015bniejszego powiadomienia. Zach\u0119camy do okresowego przegl\u0105dania niniejszej polityki, aby by\u0107 na bie\u017c\u0105co z wszelkimi zmianami.<\/p>\n\n\n\n<p>Dzi\u0119kujemy za wybranie Innovate Pro Mark!<\/p>","protected":false},"excerpt":{"rendered":"<p>Przegl\u0105d zasad Dzi\u0119kujemy za wybranie Innovate Pro Mark. Cenimy Tw\u00f3j biznes i staramy si\u0119 zapewni\u0107 najlepsz\u0105 mo\u017cliw\u0105 obs\u0142ug\u0119. Nale\u017cy jednak pami\u0119ta\u0107, \u017ce wszystkie transakcje sprzeda\u017cy us\u0142ug i produkt\u00f3w na naszej stronie internetowej s\u0105 ostateczne i dzia\u0142amy zgodnie ze \u015bcis\u0142\u0105 polityk\u0105 braku zwrotu pieni\u0119dzy. Po dokonaniu zakupu jest on uwa\u017cany za wi\u0105\u017c\u0105cy [...]<\/p>","protected":false},"author":1,"featured_media":0,"parent":0,"menu_order":0,"comment_status":"closed","ping_status":"closed","template":"templates-page\/policy.php","meta":{"_acf_changed":false,"footnotes":""},"class_list":["post-39","page","type-page","status-publish","hentry"],"acf":[],"yoast_head":"<!-- This site is optimized with the Yoast SEO plugin v23.1 - https:\/\/yoast.com\/wordpress\/plugins\/seo\/ -->\n<title>Refund Policy - innovatepromark<\/title>\n<meta name=\"robots\" content=\"noindex, follow, max-snippet:-1, max-image-preview:large, max-video-preview:-1\" \/>\n<meta property=\"og:locale\" content=\"pl_PL\" \/>\n<meta property=\"og:type\" content=\"article\" \/>\n<meta property=\"og:title\" content=\"Refund Policy - innovatepromark\" \/>\n<meta property=\"og:description\" content=\"Policy Overview Thank you for choosing Innovate Pro Mark. We value your business and aim to provide the best possible service. However, please be aware that all sales of services and products on our website are final, and we operate under a strict no-refund policy. Once a purchase has been completed, it is considered binding [&hellip;]\" \/>\n<meta property=\"og:url\" content=\"https:\/\/innovatepromark.com\/pl\/refund-policy\/\" \/>\n<meta property=\"og:site_name\" content=\"innovatepromark\" \/>\n<meta property=\"article:modified_time\" content=\"2024-08-27T09:51:14+00:00\" \/>\n<meta name=\"twitter:card\" content=\"summary_large_image\" \/>\n<meta name=\"twitter:label1\" content=\"Szacowany czas czytania\" \/>\n\t<meta name=\"twitter:data1\" content=\"2 minuty\" \/>\n<script type=\"application\/ld+json\" class=\"yoast-schema-graph\">{\"@context\":\"https:\/\/schema.org\",\"@graph\":[{\"@type\":\"WebPage\",\"@id\":\"https:\/\/innovatepromark.com\/refund-policy\/\",\"url\":\"https:\/\/innovatepromark.com\/refund-policy\/\",\"name\":\"Refund Policy - innovatepromark\",\"isPartOf\":{\"@id\":\"https:\/\/innovatepromark.com\/#website\"},\"datePublished\":\"2024-08-26T16:11:29+00:00\",\"dateModified\":\"2024-08-27T09:51:14+00:00\",\"breadcrumb\":{\"@id\":\"https:\/\/innovatepromark.com\/refund-policy\/#breadcrumb\"},\"inLanguage\":\"pl-PL\",\"potentialAction\":[{\"@type\":\"ReadAction\",\"target\":[\"https:\/\/innovatepromark.com\/refund-policy\/\"]}]},{\"@type\":\"BreadcrumbList\",\"@id\":\"https:\/\/innovatepromark.com\/refund-policy\/#breadcrumb\",\"itemListElement\":[{\"@type\":\"ListItem\",\"position\":1,\"name\":\"Home\",\"item\":\"https:\/\/innovatepromark.com\/\"},{\"@type\":\"ListItem\",\"position\":2,\"name\":\"Refund Policy\"}]},{\"@type\":\"WebSite\",\"@id\":\"https:\/\/innovatepromark.com\/#website\",\"url\":\"https:\/\/innovatepromark.com\/\",\"name\":\"innovatepromark\",\"description\":\"\",\"publisher\":{\"@id\":\"https:\/\/innovatepromark.com\/#organization\"},\"potentialAction\":[{\"@type\":\"SearchAction\",\"target\":{\"@type\":\"EntryPoint\",\"urlTemplate\":\"https:\/\/innovatepromark.com\/?s={search_term_string}\"},\"query-input\":\"required name=search_term_string\"}],\"inLanguage\":\"pl-PL\"},{\"@type\":\"Organization\",\"@id\":\"https:\/\/innovatepromark.com\/#organization\",\"name\":\"innovatepromark\",\"url\":\"https:\/\/innovatepromark.com\/\",\"logo\":{\"@type\":\"ImageObject\",\"inLanguage\":\"pl-PL\",\"@id\":\"https:\/\/innovatepromark.com\/#\/schema\/logo\/image\/\",\"url\":\"https:\/\/innovatepromark.com\/wp-content\/uploads\/2024\/08\/Logo-white.svg\",\"contentUrl\":\"https:\/\/innovatepromark.com\/wp-content\/uploads\/2024\/08\/Logo-white.svg\",\"caption\":\"innovatepromark\"},\"image\":{\"@id\":\"https:\/\/innovatepromark.com\/#\/schema\/logo\/image\/\"}}]}<\/script>\n<!-- \/ Yoast SEO plugin. -->","yoast_head_json":{"title":"Refund Policy - innovatepromark","robots":{"index":"noindex","follow":"follow","max-snippet":"max-snippet:-1","max-image-preview":"max-image-preview:large","max-video-preview":"max-video-preview:-1"},"og_locale":"pl_PL","og_type":"article","og_title":"Refund Policy - innovatepromark","og_description":"Policy Overview Thank you for choosing Innovate Pro Mark. We value your business and aim to provide the best possible service. However, please be aware that all sales of services and products on our website are final, and we operate under a strict no-refund policy. Once a purchase has been completed, it is considered binding [&hellip;]","og_url":"https:\/\/innovatepromark.com\/pl\/refund-policy\/","og_site_name":"innovatepromark","article_modified_time":"2024-08-27T09:51:14+00:00","twitter_card":"summary_large_image","twitter_misc":{"Szacowany czas czytania":"2 minuty"},"schema":{"@context":"https:\/\/schema.org","@graph":[{"@type":"WebPage","@id":"https:\/\/innovatepromark.com\/refund-policy\/","url":"https:\/\/innovatepromark.com\/refund-policy\/","name":"Refund Policy - innovatepromark","isPartOf":{"@id":"https:\/\/innovatepromark.com\/#website"},"datePublished":"2024-08-26T16:11:29+00:00","dateModified":"2024-08-27T09:51:14+00:00","breadcrumb":{"@id":"https:\/\/innovatepromark.com\/refund-policy\/#breadcrumb"},"inLanguage":"pl-PL","potentialAction":[{"@type":"ReadAction","target":["https:\/\/innovatepromark.com\/refund-policy\/"]}]},{"@type":"BreadcrumbList","@id":"https:\/\/innovatepromark.com\/refund-policy\/#breadcrumb","itemListElement":[{"@type":"ListItem","position":1,"name":"Home","item":"https:\/\/innovatepromark.com\/"},{"@type":"ListItem","position":2,"name":"Refund Policy"}]},{"@type":"WebSite","@id":"https:\/\/innovatepromark.com\/#website","url":"https:\/\/innovatepromark.com\/","name":"innovatepromark","description":"","publisher":{"@id":"https:\/\/innovatepromark.com\/#organization"},"potentialAction":[{"@type":"SearchAction","target":{"@type":"EntryPoint","urlTemplate":"https:\/\/innovatepromark.com\/?s={search_term_string}"},"query-input":"required name=search_term_string"}],"inLanguage":"pl-PL"},{"@type":"Organization","@id":"https:\/\/innovatepromark.com\/#organization","name":"innovatepromark","url":"https:\/\/innovatepromark.com\/","logo":{"@type":"ImageObject","inLanguage":"pl-PL","@id":"https:\/\/innovatepromark.com\/#\/schema\/logo\/image\/","url":"https:\/\/innovatepromark.com\/wp-content\/uploads\/2024\/08\/Logo-white.svg","contentUrl":"https:\/\/innovatepromark.com\/wp-content\/uploads\/2024\/08\/Logo-white.svg","caption":"innovatepromark"},"image":{"@id":"https:\/\/innovatepromark.com\/#\/schema\/logo\/image\/"}}]}},"_links":{"self":[{"href":"https:\/\/innovatepromark.com\/pl\/wp-json\/wp\/v2\/pages\/39","targetHints":{"allow":["GET"]}}],"collection":[{"href":"https:\/\/innovatepromark.com\/pl\/wp-json\/wp\/v2\/pages"}],"about":[{"href":"https:\/\/innovatepromark.com\/pl\/wp-json\/wp\/v2\/types\/page"}],"author":[{"embeddable":true,"href":"https:\/\/innovatepromark.com\/pl\/wp-json\/wp\/v2\/users\/1"}],"replies":[{"embeddable":true,"href":"https:\/\/innovatepromark.com\/pl\/wp-json\/wp\/v2\/comments?post=39"}],"version-history":[{"count":2,"href":"https:\/\/innovatepromark.com\/pl\/wp-json\/wp\/v2\/pages\/39\/revisions"}],"predecessor-version":[{"id":285,"href":"https:\/\/innovatepromark.com\/pl\/wp-json\/wp\/v2\/pages\/39\/revisions\/285"}],"wp:attachment":[{"href":"https:\/\/innovatepromark.com\/pl\/wp-json\/wp\/v2\/media?parent=39"}],"curies":[{"name":"wp","href":"https:\/\/api.w.org\/{rel}","templated":true}]}}