{"id":41,"date":"2024-08-26T16:11:40","date_gmt":"2024-08-26T16:11:40","guid":{"rendered":"https:\/\/innovatepromark.com\/?page_id=41"},"modified":"2024-08-27T09:43:42","modified_gmt":"2024-08-27T09:43:42","slug":"cookie-policy","status":"publish","type":"page","link":"https:\/\/innovatepromark.com\/pl\/cookie-policy\/","title":{"rendered":"Polityka dotycz\u0105ca plik\u00f3w cookie"},"content":{"rendered":"<h2 class=\"wp-block-heading\">Przegl\u0105d wykorzystania plik\u00f3w cookie<\/h2>\n\n\n\n<p>Witamy na stronie Promark Solutions Sp. z o.o. Nasza Polityka dotycz\u0105ca plik\u00f3w cookie wyja\u015bnia, w jaki spos\u00f3b pliki cookie i podobne technologie s\u0105 wykorzystywane na naszej stronie internetowej (<a href=\"https:\/\/innovatepromark.com\/pl\/\">https:\/\/innovatepromark.com<\/a>), aby poprawi\u0107 komfort przegl\u0105dania. Dalsze korzystanie z naszej strony internetowej oznacza zgod\u0119 u\u017cytkownika na stosowanie plik\u00f3w cookie w spos\u00f3b opisany w niniejszym dokumencie. Je\u015bli u\u017cytkownik nie zgadza si\u0119 na korzystanie przez nas z plik\u00f3w cookie, mo\u017ce odpowiednio dostosowa\u0107 ustawienia przegl\u0105darki lub zrezygnowa\u0107 z korzystania ze strony internetowej Innovate Pro Mark.<\/p>\n\n\n\n<h2 class=\"wp-block-heading\">Wyja\u015bnienie dotycz\u0105ce plik\u00f3w cookie<\/h2>\n\n\n\n<p>Pliki cookie to ma\u0142e pliki tekstowe, kt\u00f3re strony internetowe przechowuj\u0105 na urz\u0105dzeniu u\u017cytkownika (takim jak komputer, smartfon lub tablet), gdy je odwiedza. Pe\u0142ni\u0105 one r\u00f3\u017cne funkcje, w tym rozpoznaj\u0105 urz\u0105dzenie u\u017cytkownika, przechowuj\u0105 preferencje i poprawiaj\u0105 komfort u\u017cytkowania.<\/p>\n\n\n\n<h2 class=\"wp-block-heading\">R\u00f3\u017cne rodzaje ciasteczek<\/h2>\n\n\n\n<h3 class=\"wp-block-heading\">Niezb\u0119dne pliki cookie<\/h3>\n\n\n\n<p>Niezb\u0119dne pliki cookie s\u0105 integraln\u0105 cz\u0119\u015bci\u0105 prawid\u0142owego funkcjonowania naszej witryny internetowej. Umo\u017cliwiaj\u0105 one podstawowe funkcje, takie jak nawigacja po stronie i dost\u0119p do bezpiecznych obszar\u00f3w. Niekt\u00f3re \u017c\u0105dane us\u0142ugi, takie jak dost\u0119p do bezpiecznych obszar\u00f3w, nie mog\u0105 by\u0107 \u015bwiadczone bez tych plik\u00f3w cookie.<\/p>\n\n\n\n<h3 class=\"wp-block-heading\">Funkcjonalne pliki cookie<\/h3>\n\n\n\n<p>Funkcjonalne pliki cookie pozwalaj\u0105 naszej witrynie internetowej zapami\u0119ta\u0107 wybory u\u017cytkownika i zapewni\u0107 ulepszone, spersonalizowane funkcje. Mog\u0105 one dostosowywa\u0107 rozmiar tekstu, czcionki i inne elementy do preferencji u\u017cytkownika, poprawiaj\u0105c og\u00f3lne wra\u017cenia z przegl\u0105dania.<\/p>\n\n\n\n<h3 class=\"wp-block-heading\">Analityczne pliki cookie<\/h3>\n\n\n\n<p>Analityczne pliki cookie pomagaj\u0105 nam zrozumie\u0107, w jaki spos\u00f3b odwiedzaj\u0105cy wchodz\u0105 w interakcj\u0119 z nasz\u0105 witryn\u0105, gromadz\u0105c i raportuj\u0105c informacje w spos\u00f3b anonimowy. Dane te pozwalaj\u0105 nam identyfikowa\u0107 trendy, optymalizowa\u0107 wydajno\u015b\u0107 witryny i zwi\u0119ksza\u0107 komfort u\u017cytkowania.<\/p>\n\n\n\n<h3 class=\"wp-block-heading\">Reklamowe pliki cookie<\/h3>\n\n\n\n<p>Reklamowe pliki cookie dostarczaj\u0105 reklamy dostosowane do zainteresowa\u0144 i preferencji u\u017cytkownika. Pomagaj\u0105 r\u00f3wnie\u017c ograniczy\u0107 cz\u0119stotliwo\u015b\u0107 wy\u015bwietlania reklam i mierzy\u0107 skuteczno\u015b\u0107 kampanii reklamowych. Sieci reklamowe zazwyczaj umieszczaj\u0105 te pliki cookie za zgod\u0105 operatora witryny.<\/p>\n\n\n\n<h3 class=\"wp-block-heading\">Pliki cookie medi\u00f3w spo\u0142eczno\u015bciowych<\/h3>\n\n\n\n<p>Pliki cookie medi\u00f3w spo\u0142eczno\u015bciowych s\u0105 ustawiane przez us\u0142ugi medi\u00f3w spo\u0142eczno\u015bciowych zintegrowane z nasz\u0105 witryn\u0105, umo\u017cliwiaj\u0105c u\u017cytkownikowi udost\u0119pnianie naszych tre\u015bci w swoich sieciach. Te pliki cookie mog\u0105 \u015bledzi\u0107 aktywno\u015b\u0107 przegl\u0105darki u\u017cytkownika w innych witrynach w celu utworzenia profilu jego zainteresowa\u0144 i spersonalizowania wy\u015bwietlanych tre\u015bci.<\/p>\n\n\n\n<h3 class=\"wp-block-heading\">Pliki cookie sesji<\/h3>\n\n\n\n<p>Sesyjne pliki cookie s\u0105 tymczasowe i mog\u0105 zosta\u0107 usuni\u0119te z urz\u0105dzenia po zako\u0144czeniu przegl\u0105dania. S\u0105 one niezb\u0119dne, aby nasza witryna dzia\u0142a\u0142a wydajnie i zapewnia\u0142a bezpiecze\u0144stwo podczas wizyty u\u017cytkownika.<\/p>\n\n\n\n<h3 class=\"wp-block-heading\">Trwa\u0142e pliki cookie<\/h3>\n\n\n\n<p>Trwa\u0142e pliki cookie pozostaj\u0105 na urz\u0105dzeniu u\u017cytkownika przez okre\u015blony czas i s\u0105 ponownie aktywowane za ka\u017cdym razem, gdy u\u017cytkownik odwiedza witryn\u0119, kt\u00f3ra je umie\u015bci\u0142a. S\u0142u\u017c\u0105 one r\u00f3\u017cnym celom, takim jak zapami\u0119tywanie danych logowania lub preferencji u\u017cytkownika.<\/p>\n\n\n\n<p>Nale\u017cy pami\u0119ta\u0107, \u017ce blokowanie niekt\u00f3rych plik\u00f3w cookie mo\u017ce mie\u0107 wp\u0142yw na korzystanie z naszej witryny. Preferencjami dotycz\u0105cymi plik\u00f3w cookie mo\u017cna zarz\u0105dza\u0107 w ustawieniach przegl\u0105darki.<\/p>\n\n\n\n<h2 class=\"wp-block-heading\">Sygna\u0142y Do Not Track (DNT)<\/h2>\n\n\n\n<p>\"Do Not Track\" to funkcja przegl\u0105darki, kt\u00f3ra pozwala u\u017cytkownikom zrezygnowa\u0107 ze \u015bledzenia witryn internetowych, w tym analiz i reklam. Chocia\u017c DNT jest preferencj\u0105 u\u017cytkownika, jego skuteczno\u015b\u0107 zale\u017cy od reakcji strony internetowej.<\/p>\n\n\n\n<h2 class=\"wp-block-heading\">Nasze podej\u015bcie do sygna\u0142\u00f3w DNT<\/h2>\n\n\n\n<p>Innovate Pro Mark szanuje sygna\u0142y DNT i odpowiednio ogranicza gromadzenie danych. Gdy wykrywamy sygna\u0142 DNT z przegl\u0105darki u\u017cytkownika, dostosowujemy nasze praktyki gromadzenia danych zgodnie z opisem w naszej Polityce prywatno\u015bci. Nale\u017cy jednak pami\u0119ta\u0107, \u017ce w\u0142\u0105czenie DNT mo\u017ce wp\u0142yn\u0105\u0107 na funkcjonalno\u015b\u0107 i personalizacj\u0119 niekt\u00f3rych cz\u0119\u015bci naszej witryny.<\/p>\n\n\n\n<p>Niezb\u0119dne jest zapoznanie si\u0119 z polityk\u0105 poszczeg\u00f3lnych witryn i us\u0142ug pod k\u0105tem ich reakcji na sygna\u0142y DNT, poniewa\u017c us\u0142ugi innych firm mog\u0105 mie\u0107 r\u00f3\u017cne zasady.<\/p>\n\n\n\n<h2 class=\"wp-block-heading\">Wykorzystywanie przez nas plik\u00f3w cookie<\/h2>\n\n\n\n<p>Innovate Pro Mark wykorzystuje pliki cookie do r\u00f3\u017cnych cel\u00f3w:<\/p>\n\n\n\n<ul class=\"wp-block-list\">\n<li><strong>Niezb\u0119dne pliki cookie<\/strong><\/li>\n<\/ul>\n\n\n\n<p>Niezb\u0119dne pliki cookie u\u0142atwiaj\u0105 prawid\u0142owe funkcjonowanie naszej witryny internetowej, umo\u017cliwiaj\u0105c podstawowe funkcje, takie jak nawigacja po stronie i przesy\u0142anie formularzy.<\/p>\n\n\n\n<ul class=\"wp-block-list\">\n<li><strong>Analityczne\/wydajno\u015bciowe pliki cookie<\/strong><\/li>\n<\/ul>\n\n\n\n<p>Analityczne pliki cookie pomagaj\u0105 nam zrozumie\u0107, w jaki spos\u00f3b u\u017cytkownicy wchodz\u0105 w interakcj\u0119 z nasz\u0105 witryn\u0105, gromadz\u0105c dane dotycz\u0105ce odwiedzanych stron i komunikat\u00f3w o b\u0142\u0119dach. Informacje te pozwalaj\u0105 nam zidentyfikowa\u0107 obszary wymagaj\u0105ce poprawy i zwi\u0119kszy\u0107 komfort u\u017cytkowania.<\/p>\n\n\n\n<ul class=\"wp-block-list\">\n<li><strong>Funkcjonalne pliki cookie<\/strong><\/li>\n<\/ul>\n\n\n\n<p>Funkcjonalne pliki cookie zapami\u0119tuj\u0105 wybory u\u017cytkownika (takie jak preferencje j\u0119zykowe) i zapewniaj\u0105 ulepszone, spersonalizowane funkcje w celu poprawy komfortu przegl\u0105dania.<\/p>\n\n\n\n<ul class=\"wp-block-list\">\n<li><strong>Docelowe\/reklamowe pliki cookie<\/strong><\/li>\n<\/ul>\n\n\n\n<p>Targetuj\u0105ce pliki cookie wy\u015bwietlaj\u0105 reklamy odpowiadaj\u0105ce zainteresowaniom u\u017cytkownika i mierz\u0105 skuteczno\u015b\u0107 kampanii reklamowych. Te pliki cookie mog\u0105 ograniczy\u0107 liczb\u0119 wy\u015bwietle\u0144 reklamy i pom\u00f3c nam zoptymalizowa\u0107 nasze dzia\u0142ania marketingowe.<\/p>\n\n\n\n<ul class=\"wp-block-list\">\n<li><strong>Pliki cookie stron trzecich<\/strong><\/li>\n<\/ul>\n\n\n\n<p>Innovate Pro Mark mo\u017ce korzysta\u0107 z us\u0142ug stron trzecich, takich jak Google Analytics i platformy medi\u00f3w spo\u0142eczno\u015bciowych, kt\u00f3re mog\u0105 wykorzystywa\u0107 pliki cookie. Wi\u0119cej informacji na temat tego, w jaki spos\u00f3b wykorzystuj\u0105 one pliki cookie i przetwarzaj\u0105 dane u\u017cytkownika, mo\u017cna znale\u017a\u0107 w ich politykach prywatno\u015bci.<\/p>\n\n\n\n<h2 class=\"wp-block-heading\">Kontrolowanie ustawie\u0144 plik\u00f3w cookie<\/h2>\n\n\n\n<p>Preferencjami dotycz\u0105cymi plik\u00f3w cookie mo\u017cna zarz\u0105dza\u0107 w ustawieniach przegl\u0105darki. Wi\u0119kszo\u015b\u0107 przegl\u0105darek umo\u017cliwia blokowanie lub usuwanie plik\u00f3w cookie, ale mo\u017ce to mie\u0107 wp\u0142yw na funkcjonalno\u015b\u0107 witryny. Instrukcje dotycz\u0105ce zarz\u0105dzania plikami cookie mo\u017cna znale\u017a\u0107 w dokumentacji pomocy przegl\u0105darki.<\/p>\n\n\n\n<h2 class=\"wp-block-heading\">Zmiany w naszej polityce dotycz\u0105cej plik\u00f3w cookie<\/h2>\n\n\n\n<p>Niniejsza Polityka dotycz\u0105ca plik\u00f3w cookie mo\u017ce by\u0107 okresowo aktualizowana w celu odzwierciedlenia zmian w korzystaniu z plik\u00f3w cookie. Zalecamy okresowe przegl\u0105danie niniejszej polityki, aby by\u0107 na bie\u017c\u0105co z naszymi praktykami.<\/p>\n\n\n\n<h2 class=\"wp-block-heading\">Jak si\u0119 skontaktowa\u0107<\/h2>\n\n\n\n<p>W przypadku jakichkolwiek pyta\u0144 lub w\u0105tpliwo\u015bci dotycz\u0105cych naszej Polityki dotycz\u0105cej plik\u00f3w cookie, prosimy o kontakt:<\/p>\n\n\n\n<ul class=\"wp-block-list\">\n<li><strong>E-mail:<\/strong> <a href=\"mailto:info@innovatepromark.com\">info@innovatepromark.com<\/a><\/li>\n\n\n\n<li><strong>Telefon:<\/strong> +48223070670<\/li>\n\n\n\n<li><strong>Formularz kontaktowy na stronie internetowej:<\/strong> <a href=\"https:\/\/innovatepromark.com\/pl\/contact\/\">https:\/\/innovatepromark.com\/contact<\/a><\/li>\n<\/ul>","protected":false},"excerpt":{"rendered":"<p>Witamy w Promark Solutions Sp. z o.o. Nasza Polityka dotycz\u0105ca plik\u00f3w cookie wyja\u015bnia, w jaki spos\u00f3b pliki cookie i podobne technologie s\u0105 wykorzystywane na naszej stronie internetowej (https:\/\/innovatepromark.com) w celu poprawy komfortu przegl\u0105dania. Dalsze korzystanie z naszej witryny internetowej oznacza zgod\u0119 na stosowanie plik\u00f3w cookie w spos\u00f3b opisany w niniejszym dokumencie. Je\u015bli nie zgadzasz si\u0119 z u\u017cywaniem przez nas plik\u00f3w cookie, mo\u017cesz [...]<\/p>","protected":false},"author":1,"featured_media":0,"parent":0,"menu_order":0,"comment_status":"closed","ping_status":"closed","template":"templates-page\/policy.php","meta":{"_acf_changed":false,"footnotes":""},"class_list":["post-41","page","type-page","status-publish","hentry"],"acf":[],"yoast_head":"<!-- This site is optimized with the Yoast SEO plugin v23.1 - https:\/\/yoast.com\/wordpress\/plugins\/seo\/ -->\n<title>Cookie Policy - innovatepromark<\/title>\n<meta name=\"robots\" content=\"noindex, follow, max-snippet:-1, max-image-preview:large, max-video-preview:-1\" \/>\n<meta property=\"og:locale\" content=\"pl_PL\" \/>\n<meta property=\"og:type\" content=\"article\" \/>\n<meta property=\"og:title\" content=\"Cookie Policy - innovatepromark\" \/>\n<meta property=\"og:description\" content=\"Overview of Cookie Usage Welcome to Promark Solutions Sp. z. O. O. Our Cookie Policy explains how cookies and similar technologies are used on our website (https:\/\/innovatepromark.com) to enhance your browsing experience. Your continued use of our website signifies your consent to cookies as described herein. If you disagree with our cookie usage, you can [&hellip;]\" \/>\n<meta property=\"og:url\" content=\"https:\/\/innovatepromark.com\/pl\/cookie-policy\/\" \/>\n<meta property=\"og:site_name\" content=\"innovatepromark\" \/>\n<meta property=\"article:modified_time\" content=\"2024-08-27T09:43:42+00:00\" \/>\n<meta name=\"twitter:card\" content=\"summary_large_image\" \/>\n<meta name=\"twitter:label1\" content=\"Szacowany czas czytania\" \/>\n\t<meta name=\"twitter:data1\" content=\"4 minuty\" \/>\n<script type=\"application\/ld+json\" class=\"yoast-schema-graph\">{\"@context\":\"https:\/\/schema.org\",\"@graph\":[{\"@type\":\"WebPage\",\"@id\":\"https:\/\/innovatepromark.com\/cookie-policy\/\",\"url\":\"https:\/\/innovatepromark.com\/cookie-policy\/\",\"name\":\"Cookie Policy - innovatepromark\",\"isPartOf\":{\"@id\":\"https:\/\/innovatepromark.com\/#website\"},\"datePublished\":\"2024-08-26T16:11:40+00:00\",\"dateModified\":\"2024-08-27T09:43:42+00:00\",\"breadcrumb\":{\"@id\":\"https:\/\/innovatepromark.com\/cookie-policy\/#breadcrumb\"},\"inLanguage\":\"pl-PL\",\"potentialAction\":[{\"@type\":\"ReadAction\",\"target\":[\"https:\/\/innovatepromark.com\/cookie-policy\/\"]}]},{\"@type\":\"BreadcrumbList\",\"@id\":\"https:\/\/innovatepromark.com\/cookie-policy\/#breadcrumb\",\"itemListElement\":[{\"@type\":\"ListItem\",\"position\":1,\"name\":\"Home\",\"item\":\"https:\/\/innovatepromark.com\/\"},{\"@type\":\"ListItem\",\"position\":2,\"name\":\"Cookie Policy\"}]},{\"@type\":\"WebSite\",\"@id\":\"https:\/\/innovatepromark.com\/#website\",\"url\":\"https:\/\/innovatepromark.com\/\",\"name\":\"innovatepromark\",\"description\":\"\",\"publisher\":{\"@id\":\"https:\/\/innovatepromark.com\/#organization\"},\"potentialAction\":[{\"@type\":\"SearchAction\",\"target\":{\"@type\":\"EntryPoint\",\"urlTemplate\":\"https:\/\/innovatepromark.com\/?s={search_term_string}\"},\"query-input\":\"required name=search_term_string\"}],\"inLanguage\":\"pl-PL\"},{\"@type\":\"Organization\",\"@id\":\"https:\/\/innovatepromark.com\/#organization\",\"name\":\"innovatepromark\",\"url\":\"https:\/\/innovatepromark.com\/\",\"logo\":{\"@type\":\"ImageObject\",\"inLanguage\":\"pl-PL\",\"@id\":\"https:\/\/innovatepromark.com\/#\/schema\/logo\/image\/\",\"url\":\"https:\/\/innovatepromark.com\/wp-content\/uploads\/2024\/08\/Logo-white.svg\",\"contentUrl\":\"https:\/\/innovatepromark.com\/wp-content\/uploads\/2024\/08\/Logo-white.svg\",\"caption\":\"innovatepromark\"},\"image\":{\"@id\":\"https:\/\/innovatepromark.com\/#\/schema\/logo\/image\/\"}}]}<\/script>\n<!-- \/ Yoast SEO plugin. -->","yoast_head_json":{"title":"Cookie Policy - innovatepromark","robots":{"index":"noindex","follow":"follow","max-snippet":"max-snippet:-1","max-image-preview":"max-image-preview:large","max-video-preview":"max-video-preview:-1"},"og_locale":"pl_PL","og_type":"article","og_title":"Cookie Policy - innovatepromark","og_description":"Overview of Cookie Usage Welcome to Promark Solutions Sp. z. O. O. Our Cookie Policy explains how cookies and similar technologies are used on our website (https:\/\/innovatepromark.com) to enhance your browsing experience. Your continued use of our website signifies your consent to cookies as described herein. If you disagree with our cookie usage, you can [&hellip;]","og_url":"https:\/\/innovatepromark.com\/pl\/cookie-policy\/","og_site_name":"innovatepromark","article_modified_time":"2024-08-27T09:43:42+00:00","twitter_card":"summary_large_image","twitter_misc":{"Szacowany czas czytania":"4 minuty"},"schema":{"@context":"https:\/\/schema.org","@graph":[{"@type":"WebPage","@id":"https:\/\/innovatepromark.com\/cookie-policy\/","url":"https:\/\/innovatepromark.com\/cookie-policy\/","name":"Cookie Policy - innovatepromark","isPartOf":{"@id":"https:\/\/innovatepromark.com\/#website"},"datePublished":"2024-08-26T16:11:40+00:00","dateModified":"2024-08-27T09:43:42+00:00","breadcrumb":{"@id":"https:\/\/innovatepromark.com\/cookie-policy\/#breadcrumb"},"inLanguage":"pl-PL","potentialAction":[{"@type":"ReadAction","target":["https:\/\/innovatepromark.com\/cookie-policy\/"]}]},{"@type":"BreadcrumbList","@id":"https:\/\/innovatepromark.com\/cookie-policy\/#breadcrumb","itemListElement":[{"@type":"ListItem","position":1,"name":"Home","item":"https:\/\/innovatepromark.com\/"},{"@type":"ListItem","position":2,"name":"Cookie Policy"}]},{"@type":"WebSite","@id":"https:\/\/innovatepromark.com\/#website","url":"https:\/\/innovatepromark.com\/","name":"innovatepromark","description":"","publisher":{"@id":"https:\/\/innovatepromark.com\/#organization"},"potentialAction":[{"@type":"SearchAction","target":{"@type":"EntryPoint","urlTemplate":"https:\/\/innovatepromark.com\/?s={search_term_string}"},"query-input":"required name=search_term_string"}],"inLanguage":"pl-PL"},{"@type":"Organization","@id":"https:\/\/innovatepromark.com\/#organization","name":"innovatepromark","url":"https:\/\/innovatepromark.com\/","logo":{"@type":"ImageObject","inLanguage":"pl-PL","@id":"https:\/\/innovatepromark.com\/#\/schema\/logo\/image\/","url":"https:\/\/innovatepromark.com\/wp-content\/uploads\/2024\/08\/Logo-white.svg","contentUrl":"https:\/\/innovatepromark.com\/wp-content\/uploads\/2024\/08\/Logo-white.svg","caption":"innovatepromark"},"image":{"@id":"https:\/\/innovatepromark.com\/#\/schema\/logo\/image\/"}}]}},"_links":{"self":[{"href":"https:\/\/innovatepromark.com\/pl\/wp-json\/wp\/v2\/pages\/41","targetHints":{"allow":["GET"]}}],"collection":[{"href":"https:\/\/innovatepromark.com\/pl\/wp-json\/wp\/v2\/pages"}],"about":[{"href":"https:\/\/innovatepromark.com\/pl\/wp-json\/wp\/v2\/types\/page"}],"author":[{"embeddable":true,"href":"https:\/\/innovatepromark.com\/pl\/wp-json\/wp\/v2\/users\/1"}],"replies":[{"embeddable":true,"href":"https:\/\/innovatepromark.com\/pl\/wp-json\/wp\/v2\/comments?post=41"}],"version-history":[{"count":2,"href":"https:\/\/innovatepromark.com\/pl\/wp-json\/wp\/v2\/pages\/41\/revisions"}],"predecessor-version":[{"id":284,"href":"https:\/\/innovatepromark.com\/pl\/wp-json\/wp\/v2\/pages\/41\/revisions\/284"}],"wp:attachment":[{"href":"https:\/\/innovatepromark.com\/pl\/wp-json\/wp\/v2\/media?parent=41"}],"curies":[{"name":"wp","href":"https:\/\/api.w.org\/{rel}","templated":true}]}}